{"id":14,"date":"2016-07-14T15:14:17","date_gmt":"2016-07-14T15:14:17","guid":{"rendered":"http:\/\/www.gofreshandgreen.ch\/?page_id=14"},"modified":"2020-08-22T15:57:59","modified_gmt":"2020-08-22T13:57:59","slug":"gofreshandgreen","status":"publish","type":"page","link":"https:\/\/www.gofreshandgreen.ch\/fr\/gofreshandgreen","title":{"rendered":"Cosm\u00e9tique fra\u00eecheur"},"content":{"rendered":"<p><\/p>\n<p><span id=\"result_box\" class=\"\" lang=\"fr\"><span class=\"\">Chaque jour, je<\/span> <span class=\"\">profite de la<\/span> <span class=\"\">cosm\u00e9tique<\/span> fra\u00eecheur <span class=\"\">RINGANA<\/span><span class=\"\">.<\/span><\/span><\/p>\n<p>Qu&#8217;est-ce que \u00e7a veut dire?\u00a0<span id=\"result_box\" class=\"\" lang=\"fr\">La <span class=\"\">cosm\u00e9tique<\/span> n&#8217;est jamais produite plus de <strong>deux<\/strong> semaines jusqu&#8217;\u00e0 ce qu&#8217;elle arrive <span class=\"\">chez le client par envoy\u00e9 direct.<\/span><\/span><\/p>\n<p><span id=\"result_box\" class=\"\" lang=\"fr\"><span class=\"\">&#8220;Les substances actives dans les cosm\u00e9tiques<\/span> ont un petit effet secondaire d\u00e9sagr\u00e9able.<br \/><span class=\"\">Ils ne fonctionnent que<\/span> <span class=\"\">lorsqu&#8217;ils sont administr\u00e9s<\/span> <span class=\"\">frais.&#8221;<br \/><span style=\"font-size: 10pt;\">\u00a0\u00a0\u00a0\u00a0\u00a0\u00a0\u00a0\u00a0\u00a0\u00a0\u00a0\u00a0\u00a0\u00a0\u00a0\u00a0\u00a0\u00a0\u00a0\u00a0\u00a0\u00a0\u00a0\u00a0\u00a0\u00a0\u00a0\u00a0\u00a0\u00a0\u00a0\u00a0\u00a0\u00a0\u00a0\u00a0\u00a0\u00a0\u00a0\u00a0\u00a0\u00a0\u00a0\u00a0\u00a0\u00a0\u00a0\u00a0\u00a0\u00a0\u00a0\u00a0\u00a0\u00a0\u00a0\u00a0\u00a0\u00a0\u00a0\u00a0\u00a0\u00a0\u00a0\u00a0\u00a0\u00a0\u00a0\u00a0\u00a0\u00a0\u00a0\u00a0\u00a0\u00a0\u00a0\u00a0\u00a0\u00a0\u00a0\u00a0\u00a0\u00a0\u00a0\u00a0\u00a0\u00a0\u00a0\u00a0\u00a0\u00a0\u00a0\u00a0\u00a0\u00a0\u00a0\u00a0\u00a0\u00a0\u00a0\u00a0\u00a0\u00a0\u00a0\u00a0\u00a0\u00a0\u00a0\u00a0\u00a0\u00a0\u00a0\u00a0\u00a0\u00a0\u00a0\u00a0\u00a0\u00a0\u00a0\u00a0\u00a0\u00a0\u00a0\u00a0\u00a0\u00a0\u00a0\u00a0\u00a0\u00a0\u00a0\u00a0\u00a0\u00a0\u00a0\u00a0 <a href=\"http:\/\/www.ringana.com\/fr\/qui-sommes-nous\/ourquoi-ringana\/6-raisons\/\" target=\"_blank\" rel=\"noopener noreferrer\">Andreas Wilfinger, RINGANA<\/a><\/span><br \/><\/span><\/span><\/p>\n<p>Je suis partenaire ind\u00e9pendant de RINGANA. Avec plaisir je vous presente ces produits frais.<br \/>Chez RINGANA on parle de 100% fra\u00eecheur, 100% principes actifs, 100% consequence et 100% \u00e9thique.<br \/>Sous <a href=\"http:\/\/www.gofreshandgreen.ch\/green\">Frais et vert<\/a>\u00a0vous en d\u00e9couvrez de plus.<\/p>\n<p>De la vision de RINGANA &#8220;<strong>d&#8217;offrir \u00e0 tout le monde une vie agr\u00e9able dans un monde meilleur et plus sain<\/strong>&#8221; je suis ravi et \u00e7a me donne la motivation de parler \u00e0 toutes les personnes de RINGANA.<\/p>\n<p><\/p>","protected":false},"excerpt":{"rendered":"<p>Chaque jour, je profite de la cosm\u00e9tique fra\u00eecheur RINGANA. Qu&#8217;est-ce que \u00e7a veut dire?\u00a0La cosm\u00e9tique n&#8217;est jamais produite plus de deux semaines jusqu&#8217;\u00e0 ce qu&#8217;elle arrive chez le client par envoy\u00e9 direct. &#8220;Les substances actives dans les cosm\u00e9tiques ont un petit effet secondaire d\u00e9sagr\u00e9able.Ils ne fonctionnent que lorsqu&#8217;ils sont administr\u00e9s frais.&#8221;\u00a0\u00a0\u00a0\u00a0\u00a0\u00a0\u00a0\u00a0\u00a0\u00a0\u00a0\u00a0\u00a0\u00a0\u00a0\u00a0\u00a0\u00a0\u00a0\u00a0\u00a0\u00a0\u00a0\u00a0\u00a0\u00a0\u00a0\u00a0\u00a0\u00a0\u00a0\u00a0\u00a0\u00a0\u00a0\u00a0\u00a0\u00a0\u00a0\u00a0\u00a0\u00a0\u00a0\u00a0\u00a0\u00a0\u00a0\u00a0\u00a0\u00a0\u00a0\u00a0\u00a0\u00a0\u00a0\u00a0\u00a0\u00a0\u00a0\u00a0\u00a0\u00a0\u00a0\u00a0\u00a0\u00a0\u00a0\u00a0\u00a0\u00a0\u00a0\u00a0\u00a0\u00a0\u00a0\u00a0\u00a0\u00a0\u00a0\u00a0\u00a0\u00a0\u00a0\u00a0\u00a0\u00a0\u00a0\u00a0\u00a0\u00a0\u00a0\u00a0\u00a0\u00a0\u00a0\u00a0\u00a0\u00a0\u00a0\u00a0\u00a0\u00a0\u00a0\u00a0\u00a0\u00a0\u00a0\u00a0\u00a0\u00a0\u00a0\u00a0\u00a0\u00a0\u00a0\u00a0\u00a0\u00a0\u00a0\u00a0\u00a0\u00a0\u00a0\u00a0\u00a0\u00a0\u00a0\u00a0\u00a0\u00a0\u00a0\u00a0\u00a0\u00a0\u00a0\u00a0 Andreas Wilfinger, RINGANA Je <a class=\"more-link\" href=\"https:\/\/www.gofreshandgreen.ch\/fr\/gofreshandgreen\">Weiterlesen&#8230;<\/a><\/p>\n","protected":false},"author":1,"featured_media":0,"parent":0,"menu_order":0,"comment_status":"closed","ping_status":"closed","template":"","meta":{"footnotes":""},"class_list":["post-14","page","type-page","status-publish","hentry"],"_links":{"self":[{"href":"https:\/\/www.gofreshandgreen.ch\/fr\/wp-json\/wp\/v2\/pages\/14","targetHints":{"allow":["GET"]}}],"collection":[{"href":"https:\/\/www.gofreshandgreen.ch\/fr\/wp-json\/wp\/v2\/pages"}],"about":[{"href":"https:\/\/www.gofreshandgreen.ch\/fr\/wp-json\/wp\/v2\/types\/page"}],"author":[{"embeddable":true,"href":"https:\/\/www.gofreshandgreen.ch\/fr\/wp-json\/wp\/v2\/users\/1"}],"replies":[{"embeddable":true,"href":"https:\/\/www.gofreshandgreen.ch\/fr\/wp-json\/wp\/v2\/comments?post=14"}],"version-history":[{"count":46,"href":"https:\/\/www.gofreshandgreen.ch\/fr\/wp-json\/wp\/v2\/pages\/14\/revisions"}],"predecessor-version":[{"id":430,"href":"https:\/\/www.gofreshandgreen.ch\/fr\/wp-json\/wp\/v2\/pages\/14\/revisions\/430"}],"wp:attachment":[{"href":"https:\/\/www.gofreshandgreen.ch\/fr\/wp-json\/wp\/v2\/media?parent=14"}],"curies":[{"name":"wp","href":"https:\/\/api.w.org\/{rel}","templated":true}]}}