{"id":162,"date":"2016-08-22T15:52:17","date_gmt":"2016-08-22T13:52:17","guid":{"rendered":"http:\/\/www.gofreshandgreen.ch\/?page_id=162"},"modified":"2020-08-22T16:32:51","modified_gmt":"2020-08-22T14:32:51","slug":"article-video","status":"publish","type":"page","link":"https:\/\/www.gofreshandgreen.ch\/fr\/links\/article-video","title":{"rendered":"Article \/ Vid\u00e9o"},"content":{"rendered":"<p><\/p>\n<p>Les articles et les vid\u00e9os suivants m&#8217;ont touch\u00e9 ou m&#8217;ont r\u00e9jouis.<\/p>\n\t\t\t<script>\r\n\t\t\t\tjQuery(document).ready(function(){\r\n\t\t\t\t\tvar tag = document.createElement('script');\r\n\t\t\t\t\ttag.src = \"https:\/\/www.youtube.com\/iframe_api\";\r\n\t\t\t\t\tvar firstScriptTag = document.getElementsByTagName('script')[0];\r\n\t\t\t\t\tfirstScriptTag.parentNode.insertBefore(tag, firstScriptTag);\r\n\t\t\t\t});\r\n\t\t\t\tfunction onYouTubeIframeAPIReady(){\r\n\t\t\t\t\t\t\t\t\t\t\t\tvar youtube_single_player_10;\r\n\t\t\t\t\t\t\tyoutube_single_player_10 = new YT.Player('youtube_single_player_10',{\r\n\t\t\t\t\t\t\t\tvideoId\t\t: 'Bk2LnbrXx_I',\r\n\t\t\t\t\t\t\t\tenablejsapi      : 1,\r\n\t\t\t\t\t\t\t\tplayerVars:{\r\n\t\t\t\t\t\t\t\t\t'autohide':\t\t\t1,\r\n\t\t\t\t\t\t\t\t\t'autoplay':\t\t\t0,\r\n\t\t\t\t\t\t\t\t\t'controls': \t\t1,\r\n\t\t\t\t\t\t\t\t\t'fs':\t\t\t\t1,\r\n\t\t\t\t\t\t\t\t\t'disablekb':\t\t0,\r\n\t\t\t\t\t\t\t\t\t'modestbranding':\t1,\r\n\t\t\t\t\t\t\t\t\t'enablejsapi': 1,\r\n\t\t\t\t\t\t\t\t\t\/\/ 'cc_load_policy': 1, \/\/ forces closed captions on\r\n\t\t\t\t\t\t\t\t\t'iv_load_policy':\t1, \/\/ annotations, 1=on, 3=off\r\n\t\t\t\t\t\t\t\t\t'rel':\t\t\t\t0,\r\n\t\t\t\t\t\t\t\t\t'showinfo':\t\t\t1,\r\n\t\t\t\t\t\t\t\t\t'theme':\t\t\t'dark',\t\/\/ dark, light\r\n\t\t\t\t\t\t\t\t\t'color':\t\t\t'red'\t\/\/ red, white\r\n\t\t\t\t\t\t\t\t},\r\n\r\n\t\t\t\t\t\t\t});\r\n\t\t\t\t\t\t\t\r\n\t\t\t\t\t\t\tif(0==0 ||1==0){\r\n\t\t\t\t\t\t\t\tjQuery(\"#youtube_single_player_container_10 .thumbnail_block\").css({display:'block'});\r\n\t\t\t\t\t\t\t}\r\n\t\t\t\t\t\t\tjQuery(\"#youtube_single_player_container_10 .thumbnail_block\").on(\"click\",function(){\r\n\t\t\t\t\t\t\t\tjQuery(\"#youtube_single_player_container_10 .thumbnail_block\").css({display:'none'});\r\n\t\t\t\t\t\t\t\tyoutube_single_player_10.playVideo();\r\n\t\t\t\t\t\t\t});\r\n\r\n\t\t\t\t\t\t\tfunction ythw10(){\r\n\t\t\t\t\t\t\t\tvar w=800;\r\n\t\t\t\t\t\t\t\tif(jQuery(\"#youtube_single_player_container_10\").parent().width()<w){\r\n\t\t\t\t\t\t\t\t\tdocument.getElementById(\"youtube_single_player_container_10\").style.width=\"100%\";\r\n\t\t\t\t\t\t\t\t\tvar w=document.getElementById(\"youtube_single_player_container_10\").offsetWidth;\r\n\t\t\t\t\t\t\t\t\tdocument.getElementById(\"youtube_single_player_container_10\").style.height=w*0.56+\"px\";\r\n\t\t\t\t\t\t\t\t}else{\r\n\t\t\t\t\t\t\t\t\tdocument.getElementById(\"youtube_single_player_container_10\").style.width=\"800px\";\r\n\t\t\t\t\t\t\t\t\tdocument.getElementById(\"youtube_single_player_container_10\").style.height=\"448px\";\r\n\t\t\t\t\t\t\t\t}\r\n\t\t\t\t\t\t\t}\r\n\t\t\t\t\t\t\tythw10();\r\n\t\t\t\t\t\t\tjQuery(window).on(\"resize\",function(){\r\n\t\t\t\t\t\t\t\tythw10();\r\n\t\t\t\t\t\t\t});\r\n\r\n\t\t\t\t\t\t\t\t\t\t\t\t\t\tvar youtube_single_player_11;\r\n\t\t\t\t\t\t\tyoutube_single_player_11 = new YT.Player('youtube_single_player_11',{\r\n\t\t\t\t\t\t\t\tvideoId\t\t: 'nV04zyfLyN4',\r\n\t\t\t\t\t\t\t\tenablejsapi      : 1,\r\n\t\t\t\t\t\t\t\tplayerVars:{\r\n\t\t\t\t\t\t\t\t\t'autohide':\t\t\t1,\r\n\t\t\t\t\t\t\t\t\t'autoplay':\t\t\t0,\r\n\t\t\t\t\t\t\t\t\t'controls': \t\t1,\r\n\t\t\t\t\t\t\t\t\t'fs':\t\t\t\t1,\r\n\t\t\t\t\t\t\t\t\t'disablekb':\t\t0,\r\n\t\t\t\t\t\t\t\t\t'modestbranding':\t1,\r\n\t\t\t\t\t\t\t\t\t'enablejsapi': 1,\r\n\t\t\t\t\t\t\t\t\t\/\/ 'cc_load_policy': 1, \/\/ forces closed captions on\r\n\t\t\t\t\t\t\t\t\t'iv_load_policy':\t1, \/\/ annotations, 1=on, 3=off\r\n\t\t\t\t\t\t\t\t\t'rel':\t\t\t\t0,\r\n\t\t\t\t\t\t\t\t\t'showinfo':\t\t\t1,\r\n\t\t\t\t\t\t\t\t\t'theme':\t\t\t'dark',\t\/\/ dark, light\r\n\t\t\t\t\t\t\t\t\t'color':\t\t\t'red'\t\/\/ red, white\r\n\t\t\t\t\t\t\t\t},\r\n\r\n\t\t\t\t\t\t\t});\r\n\t\t\t\t\t\t\t\r\n\t\t\t\t\t\t\tif(0==0 ||0==0){\r\n\t\t\t\t\t\t\t\tjQuery(\"#youtube_single_player_container_11 .thumbnail_block\").css({display:'block'});\r\n\t\t\t\t\t\t\t}\r\n\t\t\t\t\t\t\tjQuery(\"#youtube_single_player_container_11 .thumbnail_block\").on(\"click\",function(){\r\n\t\t\t\t\t\t\t\tjQuery(\"#youtube_single_player_container_11 .thumbnail_block\").css({display:'none'});\r\n\t\t\t\t\t\t\t\tyoutube_single_player_11.playVideo();\r\n\t\t\t\t\t\t\t});\r\n\r\n\t\t\t\t\t\t\tfunction ythw11(){\r\n\t\t\t\t\t\t\t\tvar w=800;\r\n\t\t\t\t\t\t\t\tif(jQuery(\"#youtube_single_player_container_11\").parent().width()<w){\r\n\t\t\t\t\t\t\t\t\tdocument.getElementById(\"youtube_single_player_container_11\").style.width=\"100%\";\r\n\t\t\t\t\t\t\t\t\tvar w=document.getElementById(\"youtube_single_player_container_11\").offsetWidth;\r\n\t\t\t\t\t\t\t\t\tdocument.getElementById(\"youtube_single_player_container_11\").style.height=w*0.56+\"px\";\r\n\t\t\t\t\t\t\t\t}else{\r\n\t\t\t\t\t\t\t\t\tdocument.getElementById(\"youtube_single_player_container_11\").style.width=\"800px\";\r\n\t\t\t\t\t\t\t\t\tdocument.getElementById(\"youtube_single_player_container_11\").style.height=\"448px\";\r\n\t\t\t\t\t\t\t\t}\r\n\t\t\t\t\t\t\t}\r\n\t\t\t\t\t\t\tythw11();\r\n\t\t\t\t\t\t\tjQuery(window).on(\"resize\",function(){\r\n\t\t\t\t\t\t\t\tythw11();\r\n\t\t\t\t\t\t\t});\r\n\r\n\t\t\t\t\t\t\t\t\t\t\t}\r\n\t\t\t<\/script>\r\n\t\t\t\t\t\t\t\t\t\t<style>\r\n\t\t\t\t\t\t\t#youtube_single_player_container_10 {\r\n\t\t\t\t\t\t\t\tdisplay:block;\r\n\t\t\t\t\t\t\t\tposition:relative;\r\n\t\t\t\t\t\t\t\t\t\t\t\t\t\t\t\t\t\tdisplay:block;\r\n\t\t\t\t\t\t\t\t\t\tmargin:0px auto;\r\n\t\t\t\t\t\t\t\t\t\t \r\n\t\t\t\t\t\t\t\tmargin-top:5px;\r\n\t\t\t\t\t\t\t\tmargin-bottom:5px;\r\n\t\t\t\t\t\t\t\tmax-width:none;\r\n\t\t\t\t\t\t\t\twidth:800px;\r\n\t\t\t\t\t\t\t\theight:448px;\r\n\t\t\t\t\t\t\t\tbox-sizing:content-box;\r\n\t\t\t\t\t\t\t\tborder:0px solid #009BE3;\r\n\t\t\t\t\t\t\t}\r\n\t\t\t\t\t\t\t\r\n\t\t\t\t\t\t\t#youtube_single_player_10 {\r\n\t\t\t\t\t\t\t\tposition:absolute;\r\n\t\t\t\t\t\t\t\ttop:0px;\r\n\t\t\t\t\t\t\t\tleft:0px;\r\n\t\t\t\t\t\t\t\twidth:100%;\r\n\t\t\t\t\t\t\t\theight:100%;\r\n\t\t\t\t\t\t\t\tz-index:5;\r\n\t\t\t\t\t\t\t}\r\n\t\t\t\t\t\t\t\r\n\t\t\t\t\t\t\t#youtube_single_player_container_10 .thumbnail_block {\r\n\t\t\t\t\t\t\t\tposition:absolute;\r\n\t\t\t\t\t\t\t\tdisplay:none;\r\n\t\t\t\t\t\t\t\ttop:0px;\r\n\t\t\t\t\t\t\t\tleft:0px;\r\n\t\t\t\t\t\t\t\twidth:100%;\r\n\t\t\t\t\t\t\t\theight:100%;\r\n\t\t\t\t\t\t\t\toverflow:hidden;\r\n\t\t\t\t\t\t\t\tz-index:6;\r\n\t\t\t\t\t\t\t}\r\n\t\t\t\t\t\t\t\r\n\t\t\t\t\t\t\t#youtube_single_player_container_10 .thumbnail_block .thumb {\r\n\t\t\t\t\t\t\t\tposition:absolute;\r\n\t\t\t\t\t\t\t\tleft:0px;\r\n\t\t\t\t\t\t\t\ttop:0px;\r\n\t\t\t\t\t\t\t\tmin-width:100%;\r\n\t\t\t\t\t\t\t\tmin-height:100%;\r\n\t\t\t\t\t\t\t\tmax-width:none;\r\n\t\t\t\t\t\t\t\tvertical-align:middle\r\n\t\t\t\t\t\t\t}\r\n\t\t\t\t\t\t\t\r\n\t\t\t\t\t\t\t#youtube_single_player_container_10 .thumbnail_block .play {\r\n\t\t\t\t\t\t\t\tposition:absolute;\r\n\t\t\t\t\t\t\t\tleft:50%;\r\n\t\t\t\t\t\t\t\ttop:50%;\r\n\t\t\t\t\t\t\t\twidth:70px;\r\n\t\t\t\t\t\t\t\theight:49px;\r\n\t\t\t\t\t\t\t\tmargin-left:-35px;\r\n\t\t\t\t\t\t\t\tmargin-top:-24.5px;\r\n\t\t\t\t\t\t\t\tcursor:pointer;\r\n\t\t\t\t\t\t\t}\r\n\t\t\t\t\t\t\t<\/style>\r\n\t\t\t\t\t\t\t<div id=\"youtube_single_player_container_10\">\r\n\t\t\t\t\t\t\t\t<div id=\"youtube_single_player_10\"><\/div>\r\n\t\t\t\t\t\t\t\t<div class=\"thumbnail_block\">\r\n\t\t\t\t\t\t\t\t\t<img decoding=\"async\" class=\"thumb\" src=\"http:\/\/img.youtube.com\/vi\/Bk2LnbrXx_I\/mqdefault.jpg\" alt=\"Demain - Tomorrow, Trailer \/ Bande-Annonce\" \/>\r\n\t\t\t\t\t\t\t\t\t<img decoding=\"async\" class=\"play\" src=\"https:\/\/www.gofreshandgreen.ch\/wp-content\/plugins\/video-player\/Front_end\/..\/images\/play.youtube.png\" alt=\"YouTube play\" \/>\r\n\t\t\t\t\t\t\t\t<\/div>\r\n\t\t\t\t\t\t\t<\/div>\r\n\t\t\t\t\t\t\t\r\n\t\t\t\t\t\t\t\t\t\t\t\t\t\t<style>\r\n\t\t\t\t\t\t\t#youtube_single_player_container_11 {\r\n\t\t\t\t\t\t\t\tdisplay:block;\r\n\t\t\t\t\t\t\t\tposition:relative;\r\n\t\t\t\t\t\t\t\t\t\t\t\t\t\t\t\t\t\tdisplay:block;\r\n\t\t\t\t\t\t\t\t\t\tmargin:0px auto;\r\n\t\t\t\t\t\t\t\t\t\t \r\n\t\t\t\t\t\t\t\tmargin-top:5px;\r\n\t\t\t\t\t\t\t\tmargin-bottom:5px;\r\n\t\t\t\t\t\t\t\tmax-width:none;\r\n\t\t\t\t\t\t\t\twidth:800px;\r\n\t\t\t\t\t\t\t\theight:448px;\r\n\t\t\t\t\t\t\t\tbox-sizing:content-box;\r\n\t\t\t\t\t\t\t\tborder:0px solid #009BE3;\r\n\t\t\t\t\t\t\t}\r\n\t\t\t\t\t\t\t\r\n\t\t\t\t\t\t\t#youtube_single_player_11 {\r\n\t\t\t\t\t\t\t\tposition:absolute;\r\n\t\t\t\t\t\t\t\ttop:0px;\r\n\t\t\t\t\t\t\t\tleft:0px;\r\n\t\t\t\t\t\t\t\twidth:100%;\r\n\t\t\t\t\t\t\t\theight:100%;\r\n\t\t\t\t\t\t\t\tz-index:5;\r\n\t\t\t\t\t\t\t}\r\n\t\t\t\t\t\t\t\r\n\t\t\t\t\t\t\t#youtube_single_player_container_11 .thumbnail_block {\r\n\t\t\t\t\t\t\t\tposition:absolute;\r\n\t\t\t\t\t\t\t\tdisplay:none;\r\n\t\t\t\t\t\t\t\ttop:0px;\r\n\t\t\t\t\t\t\t\tleft:0px;\r\n\t\t\t\t\t\t\t\twidth:100%;\r\n\t\t\t\t\t\t\t\theight:100%;\r\n\t\t\t\t\t\t\t\toverflow:hidden;\r\n\t\t\t\t\t\t\t\tz-index:6;\r\n\t\t\t\t\t\t\t}\r\n\t\t\t\t\t\t\t\r\n\t\t\t\t\t\t\t#youtube_single_player_container_11 .thumbnail_block .thumb {\r\n\t\t\t\t\t\t\t\tposition:absolute;\r\n\t\t\t\t\t\t\t\tleft:0px;\r\n\t\t\t\t\t\t\t\ttop:0px;\r\n\t\t\t\t\t\t\t\tmin-width:100%;\r\n\t\t\t\t\t\t\t\tmin-height:100%;\r\n\t\t\t\t\t\t\t\tmax-width:none;\r\n\t\t\t\t\t\t\t\tvertical-align:middle\r\n\t\t\t\t\t\t\t}\r\n\t\t\t\t\t\t\t\r\n\t\t\t\t\t\t\t#youtube_single_player_container_11 .thumbnail_block .play {\r\n\t\t\t\t\t\t\t\tposition:absolute;\r\n\t\t\t\t\t\t\t\tleft:50%;\r\n\t\t\t\t\t\t\t\ttop:50%;\r\n\t\t\t\t\t\t\t\twidth:70px;\r\n\t\t\t\t\t\t\t\theight:49px;\r\n\t\t\t\t\t\t\t\tmargin-left:-35px;\r\n\t\t\t\t\t\t\t\tmargin-top:-24.5px;\r\n\t\t\t\t\t\t\t\tcursor:pointer;\r\n\t\t\t\t\t\t\t}\r\n\t\t\t\t\t\t\t<\/style>\r\n\t\t\t\t\t\t\t<div id=\"youtube_single_player_container_11\">\r\n\t\t\t\t\t\t\t\t<div id=\"youtube_single_player_11\"><\/div>\r\n\t\t\t\t\t\t\t\t<div class=\"thumbnail_block\">\r\n\t\t\t\t\t\t\t\t\t<img decoding=\"async\" class=\"thumb\" src=\"http:\/\/img.youtube.com\/vi\/nV04zyfLyN4\/mqdefault.jpg\" alt=\"Cowspiracy (English)\" \/>\r\n\t\t\t\t\t\t\t\t\t<img decoding=\"async\" class=\"play\" src=\"https:\/\/www.gofreshandgreen.ch\/wp-content\/plugins\/video-player\/Front_end\/..\/images\/play.youtube.png\" alt=\"YouTube play\" \/>\r\n\t\t\t\t\t\t\t\t<\/div>\r\n\t\t\t\t\t\t\t<\/div>\r\n\t\t\t\t\t\t\t\r\n\t\t\t\t\t\t\t\t\t\t\n<p>En savoir plus sur le film Cowspiracy sous le <a href=\"https:\/\/filmefuerdieerde.org\/filme\/essen-global\/cowspiracy\" target=\"_blank\" rel=\"noopener noreferrer\">lien<\/a>.<\/p>\n<p><\/p>","protected":false},"excerpt":{"rendered":"<p>Les articles et les vid\u00e9os suivants m&#8217;ont touch\u00e9 ou m&#8217;ont r\u00e9jouis. En savoir plus sur le film Cowspiracy sous le lien.<\/p>\n","protected":false},"author":1,"featured_media":0,"parent":100,"menu_order":0,"comment_status":"closed","ping_status":"closed","template":"","meta":{"footnotes":""},"class_list":["post-162","page","type-page","status-publish","hentry"],"_links":{"self":[{"href":"https:\/\/www.gofreshandgreen.ch\/fr\/wp-json\/wp\/v2\/pages\/162","targetHints":{"allow":["GET"]}}],"collection":[{"href":"https:\/\/www.gofreshandgreen.ch\/fr\/wp-json\/wp\/v2\/pages"}],"about":[{"href":"https:\/\/www.gofreshandgreen.ch\/fr\/wp-json\/wp\/v2\/types\/page"}],"author":[{"embeddable":true,"href":"https:\/\/www.gofreshandgreen.ch\/fr\/wp-json\/wp\/v2\/users\/1"}],"replies":[{"embeddable":true,"href":"https:\/\/www.gofreshandgreen.ch\/fr\/wp-json\/wp\/v2\/comments?post=162"}],"version-history":[{"count":14,"href":"https:\/\/www.gofreshandgreen.ch\/fr\/wp-json\/wp\/v2\/pages\/162\/revisions"}],"predecessor-version":[{"id":452,"href":"https:\/\/www.gofreshandgreen.ch\/fr\/wp-json\/wp\/v2\/pages\/162\/revisions\/452"}],"up":[{"embeddable":true,"href":"https:\/\/www.gofreshandgreen.ch\/fr\/wp-json\/wp\/v2\/pages\/100"}],"wp:attachment":[{"href":"https:\/\/www.gofreshandgreen.ch\/fr\/wp-json\/wp\/v2\/media?parent=162"}],"curies":[{"name":"wp","href":"https:\/\/api.w.org\/{rel}","templated":true}]}}