{"id":24,"date":"2016-07-14T18:12:45","date_gmt":"2016-07-14T18:12:45","guid":{"rendered":"http:\/\/www.gofreshandgreen.ch\/?page_id=24"},"modified":"2016-08-22T14:21:49","modified_gmt":"2016-08-22T12:21:49","slug":"independance","status":"publish","type":"page","link":"https:\/\/www.gofreshandgreen.ch\/fr\/independance","title":{"rendered":"Ind\u00e9pendance verte"},"content":{"rendered":"<p><\/p>\n<p>Voulez-vous avoir assez de temps pour votre famille?<br \/>Vous n&#8217;avez pas visit\u00e9 \u00e0 vos amis depuis un certain temps ?<br \/>Voulez-vous d\u00e9cider\u00a0vous-m\u00eames combien vous voulez travailler, et quand et o\u00f9?<\/p>\n<p>Aimez-vous travailler avec d&#8217;autres personnes?<br \/>\u00c7a vous fera plaisir de\u00a0d\u00e9terminer vous-m\u00eames combien vous gagnez?<\/p>\n<p>Alors, je serai heureux d&#8217;avoir une conversation personnel avec vous, pour vous pr\u00e9sentez la possibilit\u00e9 de r\u00e9aliser tout cela.<\/p>\n<p><\/p>","protected":false},"excerpt":{"rendered":"<p>Voulez-vous avoir assez de temps pour votre famille?Vous n&#8217;avez pas visit\u00e9 \u00e0 vos amis depuis un certain temps ?Voulez-vous d\u00e9cider\u00a0vous-m\u00eames combien vous voulez travailler, et quand et o\u00f9? Aimez-vous travailler avec d&#8217;autres personnes?\u00c7a vous fera plaisir de\u00a0d\u00e9terminer vous-m\u00eames combien vous gagnez? Alors, je serai heureux d&#8217;avoir une conversation personnel avec vous, pour vous pr\u00e9sentez la <a class=\"more-link\" href=\"https:\/\/www.gofreshandgreen.ch\/fr\/independance\">Weiterlesen&#8230;<\/a><\/p>\n","protected":false},"author":1,"featured_media":43,"parent":0,"menu_order":0,"comment_status":"closed","ping_status":"closed","template":"","meta":{"footnotes":""},"class_list":["post-24","page","type-page","status-publish","has-post-thumbnail","hentry"],"_links":{"self":[{"href":"https:\/\/www.gofreshandgreen.ch\/fr\/wp-json\/wp\/v2\/pages\/24","targetHints":{"allow":["GET"]}}],"collection":[{"href":"https:\/\/www.gofreshandgreen.ch\/fr\/wp-json\/wp\/v2\/pages"}],"about":[{"href":"https:\/\/www.gofreshandgreen.ch\/fr\/wp-json\/wp\/v2\/types\/page"}],"author":[{"embeddable":true,"href":"https:\/\/www.gofreshandgreen.ch\/fr\/wp-json\/wp\/v2\/users\/1"}],"replies":[{"embeddable":true,"href":"https:\/\/www.gofreshandgreen.ch\/fr\/wp-json\/wp\/v2\/comments?post=24"}],"version-history":[{"count":12,"href":"https:\/\/www.gofreshandgreen.ch\/fr\/wp-json\/wp\/v2\/pages\/24\/revisions"}],"predecessor-version":[{"id":149,"href":"https:\/\/www.gofreshandgreen.ch\/fr\/wp-json\/wp\/v2\/pages\/24\/revisions\/149"}],"wp:featuredmedia":[{"embeddable":true,"href":"https:\/\/www.gofreshandgreen.ch\/fr\/wp-json\/wp\/v2\/media\/43"}],"wp:attachment":[{"href":"https:\/\/www.gofreshandgreen.ch\/fr\/wp-json\/wp\/v2\/media?parent=24"}],"curies":[{"name":"wp","href":"https:\/\/api.w.org\/{rel}","templated":true}]}}