{"id":411,"date":"2019-10-01T22:21:19","date_gmt":"2019-10-01T20:21:19","guid":{"rendered":"http:\/\/www.gofreshandgreen.ch\/?page_id=411"},"modified":"2020-08-22T16:28:30","modified_gmt":"2020-08-22T14:28:30","slug":"welcome","status":"publish","type":"page","link":"https:\/\/www.gofreshandgreen.ch\/fr\/","title":{"rendered":"Bienvenue!"},"content":{"rendered":"<p><\/p>\n<p><a href=\"http:\/\/www.gofreshandgreen.ch\/wp-content\/uploads\/2019\/10\/daniel.jpg\"><img loading=\"lazy\" decoding=\"async\" class=\"size-full wp-image-415 alignleft\" src=\"http:\/\/www.gofreshandgreen.ch\/wp-content\/uploads\/2019\/10\/daniel.jpg\" alt=\"\" width=\"165\" height=\"223\" \/><\/a>Je suis Daniel.<\/p>\n<p>Coach en affaires et partenaire fra\u00eecheur.<\/p>\n<p>Je m&#8217;engage, pour faire le monde un peu mieux en utilisant des produits frais et durables.<\/p>\n<p>Je t&#8217;aide \u00e0 construire une vie professionnelle autonome et \u00e9panouissante. Tu d\u00e9cides toi-m\u00eame, \u00e0 quelle vitesse et avec quel effort tu marches sur ce chemin.<\/p>\n<p>&nbsp;<\/p>\n<p><\/p>","protected":false},"excerpt":{"rendered":"<p>Je suis Daniel. Coach en affaires et partenaire fra\u00eecheur. Je m&#8217;engage, pour faire le monde un peu mieux en utilisant des produits frais et durables. Je t&#8217;aide \u00e0 construire une vie professionnelle autonome et \u00e9panouissante. Tu d\u00e9cides toi-m\u00eame, \u00e0 quelle vitesse et avec quel effort tu marches sur ce chemin. &nbsp;<\/p>\n","protected":false},"author":1,"featured_media":0,"parent":0,"menu_order":0,"comment_status":"closed","ping_status":"closed","template":"","meta":{"footnotes":""},"class_list":["post-411","page","type-page","status-publish","hentry"],"_links":{"self":[{"href":"https:\/\/www.gofreshandgreen.ch\/fr\/wp-json\/wp\/v2\/pages\/411","targetHints":{"allow":["GET"]}}],"collection":[{"href":"https:\/\/www.gofreshandgreen.ch\/fr\/wp-json\/wp\/v2\/pages"}],"about":[{"href":"https:\/\/www.gofreshandgreen.ch\/fr\/wp-json\/wp\/v2\/types\/page"}],"author":[{"embeddable":true,"href":"https:\/\/www.gofreshandgreen.ch\/fr\/wp-json\/wp\/v2\/users\/1"}],"replies":[{"embeddable":true,"href":"https:\/\/www.gofreshandgreen.ch\/fr\/wp-json\/wp\/v2\/comments?post=411"}],"version-history":[{"count":10,"href":"https:\/\/www.gofreshandgreen.ch\/fr\/wp-json\/wp\/v2\/pages\/411\/revisions"}],"predecessor-version":[{"id":455,"href":"https:\/\/www.gofreshandgreen.ch\/fr\/wp-json\/wp\/v2\/pages\/411\/revisions\/455"}],"wp:attachment":[{"href":"https:\/\/www.gofreshandgreen.ch\/fr\/wp-json\/wp\/v2\/media?parent=411"}],"curies":[{"name":"wp","href":"https:\/\/api.w.org\/{rel}","templated":true}]}}