{"id":77,"date":"2016-07-17T11:15:40","date_gmt":"2016-07-17T11:15:40","guid":{"rendered":"http:\/\/www.gofreshandgreen.ch\/?page_id=77"},"modified":"2020-08-22T16:29:30","modified_gmt":"2020-08-22T14:29:30","slug":"who","status":"publish","type":"page","link":"https:\/\/www.gofreshandgreen.ch\/fr\/who","title":{"rendered":"Qui suis-je"},"content":{"rendered":"<p><\/p>\n<p><a href=\"http:\/\/www.gofreshandgreen.ch\/wp-content\/uploads\/2018\/06\/daniel-klein.jpg\"><img loading=\"lazy\" decoding=\"async\" class=\"alignleft wp-image-330 \" src=\"http:\/\/www.gofreshandgreen.ch\/wp-content\/uploads\/2018\/06\/daniel-klein-300x265.jpg\" alt=\"\" width=\"318\" height=\"281\" srcset=\"https:\/\/www.gofreshandgreen.ch\/wp-content\/uploads\/2018\/06\/daniel-klein-300x265.jpg 300w, https:\/\/www.gofreshandgreen.ch\/wp-content\/uploads\/2018\/06\/daniel-klein-768x678.jpg 768w, https:\/\/www.gofreshandgreen.ch\/wp-content\/uploads\/2018\/06\/daniel-klein-845x746.jpg 845w, https:\/\/www.gofreshandgreen.ch\/wp-content\/uploads\/2018\/06\/daniel-klein.jpg 1048w\" sizes=\"auto, (max-width: 318px) 100vw, 318px\" \/><\/a><br \/>N\u00e9 en 1961 \u00e0 Langenthal<br \/>Apr\u00e8s la fin des \u00e9tudes \u00e0\u00a0une \u00e9cole commerciale, \u00e9tude de musique en guitare classique<br \/>Plusieurs ann\u00e9es travail d&#8217;enseignant \u00e0 des \u00e9coles de musique diff\u00e9rentes<br \/>Etude d&#8217;informatique Haute \u00e9cole de Berne<br \/>J&#8217;adore faire la voile et randonner<br \/>Apr\u00e8s deux ann\u00e9es de travail avec un architecte, j&#8217;ai d\u00e9cid\u00e9 de prendre<br \/>ma vie en main.<br \/>Je suis tr\u00e8s content d&#8217;\u00eatre n\u00e9 en Suisse.<\/p>\n<p>Depuis 2013 je suis <strong>partenaire ind\u00e9pendant<\/strong> de RINGANA<br \/>(Num\u00e9ro de partenaire 952935)<\/p>\n<p><\/p>","protected":false},"excerpt":{"rendered":"<p>N\u00e9 en 1961 \u00e0 LangenthalApr\u00e8s la fin des \u00e9tudes \u00e0\u00a0une \u00e9cole commerciale, \u00e9tude de musique en guitare classiquePlusieurs ann\u00e9es travail d&#8217;enseignant \u00e0 des \u00e9coles de musique diff\u00e9rentesEtude d&#8217;informatique Haute \u00e9cole de BerneJ&#8217;adore faire la voile et randonnerApr\u00e8s deux ann\u00e9es de travail avec un architecte, j&#8217;ai d\u00e9cid\u00e9 de prendrema vie en main.Je suis tr\u00e8s content d&#8217;\u00eatre <a class=\"more-link\" href=\"https:\/\/www.gofreshandgreen.ch\/fr\/who\">Weiterlesen&#8230;<\/a><\/p>\n","protected":false},"author":1,"featured_media":0,"parent":0,"menu_order":0,"comment_status":"closed","ping_status":"closed","template":"","meta":{"footnotes":""},"class_list":["post-77","page","type-page","status-publish","hentry"],"_links":{"self":[{"href":"https:\/\/www.gofreshandgreen.ch\/fr\/wp-json\/wp\/v2\/pages\/77","targetHints":{"allow":["GET"]}}],"collection":[{"href":"https:\/\/www.gofreshandgreen.ch\/fr\/wp-json\/wp\/v2\/pages"}],"about":[{"href":"https:\/\/www.gofreshandgreen.ch\/fr\/wp-json\/wp\/v2\/types\/page"}],"author":[{"embeddable":true,"href":"https:\/\/www.gofreshandgreen.ch\/fr\/wp-json\/wp\/v2\/users\/1"}],"replies":[{"embeddable":true,"href":"https:\/\/www.gofreshandgreen.ch\/fr\/wp-json\/wp\/v2\/comments?post=77"}],"version-history":[{"count":22,"href":"https:\/\/www.gofreshandgreen.ch\/fr\/wp-json\/wp\/v2\/pages\/77\/revisions"}],"predecessor-version":[{"id":456,"href":"https:\/\/www.gofreshandgreen.ch\/fr\/wp-json\/wp\/v2\/pages\/77\/revisions\/456"}],"wp:attachment":[{"href":"https:\/\/www.gofreshandgreen.ch\/fr\/wp-json\/wp\/v2\/media?parent=77"}],"curies":[{"name":"wp","href":"https:\/\/api.w.org\/{rel}","templated":true}]}}